{"id":2,"date":"2025-01-03T14:00:44","date_gmt":"2025-01-03T13:00:44","guid":{"rendered":"https:\/\/wp.axel-schulz.com\/?page_id=2"},"modified":"2025-07-10T22:13:43","modified_gmt":"2025-07-10T20:13:43","slug":"beispiel-seite","status":"publish","type":"page","link":"https:\/\/axel-schulz.com\/?page_id=2","title":{"rendered":"Beispiel-Seite"},"content":{"rendered":"<div class=\"fusion-fullwidth fullwidth-box fusion-builder-row-1 fusion-flex-container nonhundred-percent-fullwidth non-hundred-percent-height-scrolling\" style=\"--awb-border-radius-top-left:0px;--awb-border-radius-top-right:0px;--awb-border-radius-bottom-right:0px;--awb-border-radius-bottom-left:0px;--awb-flex-wrap:wrap;\" ><div class=\"fusion-builder-row fusion-row fusion-flex-align-items-flex-start fusion-flex-content-wrap\" style=\"max-width:calc( 1200px + 80px );margin-left: calc(-80px \/ 2 );margin-right: calc(-80px \/ 2 );\"><div class=\"fusion-layout-column fusion_builder_column fusion-builder-column-0 fusion_builder_column_1_1 1_1 fusion-flex-column\" style=\"--awb-bg-size:cover;--awb-width-large:100%;--awb-margin-top-large:0px;--awb-spacing-right-large:40px;--awb-margin-bottom-large:0px;--awb-spacing-left-large:40px;--awb-width-medium:100%;--awb-spacing-right-medium:40px;--awb-spacing-left-medium:40px;--awb-width-small:100%;--awb-spacing-right-small:40px;--awb-spacing-left-small:40px;\"><div class=\"fusion-column-wrapper fusion-flex-justify-content-flex-start fusion-content-layout-column\"><div class=\"fusion-text fusion-text-1\"><h2 data-start=\"5064\" data-end=\"5084\"><strong>ERFOLGE<\/strong><\/h2>\n<h3 data-start=\"5064\" data-end=\"5084\"><strong data-start=\"5068\" data-end=\"5084\">Meine Bilanz<\/strong><\/h3>\n<p data-start=\"5086\" data-end=\"5178\">33 Profik\u00e4mpfe<br data-start=\"5100\" data-end=\"5103\">26 Siege (11 durch K.o.)<br data-start=\"5127\" data-end=\"5130\">5 Niederlagen<br data-start=\"5143\" data-end=\"5146\">1 Unentschieden<br data-start=\"5161\" data-end=\"5164\">1 No Contest<\/p>\n<p data-start=\"5180\" data-end=\"5300\">Dazu um die 200 Amateurk\u00e4mpfe, unz\u00e4hlige Stunden im Training und viele treue Fans, die mich auf diesem f\u00fcr mich erfolgreichen Weg begleitet haben.<\/p>\n<hr data-start=\"5302\" data-end=\"5305\">\n<h3 data-start=\"5307\" data-end=\"5326\"><strong data-start=\"5311\" data-end=\"5326\">Was bleibt?<\/strong><\/h3>\n<p data-start=\"5328\" data-end=\"5627\">Ich war <strong>dreifacher EM-Herausforderer und <\/strong><strong data-start=\"5336\" data-end=\"5368\">dreifacher WM-Herausforderer<\/strong>. Ich habe gegen Legenden und Weltmeister wie <strong>Akinwande, <\/strong><strong data-start=\"5398\" data-end=\"5409\">Foreman<\/strong>, <strong data-start=\"5411\" data-end=\"5421\">Moorer<\/strong>, <strong data-start=\"5423\" data-end=\"5436\">Klitschko<\/strong> und <strong data-start=\"5441\" data-end=\"5450\">Botha<\/strong> gek\u00e4mpft. Ich habe nie einen Weltmeisterg\u00fcrtel getragen \u2013 aber ich habe <strong data-start=\"5523\" data-end=\"5542\">Menschen bewegt<\/strong>. Ich habe gezeigt, dass man mit Mut, Ehrlichkeit und harter Arbeit weit kommen kann.<\/p>\n<p data-start=\"5629\" data-end=\"5724\">Ich bin nie gefallen, weil ich nie aufgegeben habe und vielleicht ist das mein gr\u00f6\u00dfter Erfolg.<\/p>\n<hr data-start=\"5059\" data-end=\"5062\">\n<\/div><\/div><\/div><div class=\"fusion-layout-column fusion_builder_column fusion-builder-column-1 fusion_builder_column_1_1 1_1 fusion-flex-column fusion-flex-align-self-flex-start\" style=\"--awb-bg-size:cover;--awb-width-large:100%;--awb-margin-top-large:0px;--awb-spacing-right-large:40px;--awb-margin-bottom-large:20px;--awb-spacing-left-large:40px;--awb-width-medium:100%;--awb-order-medium:0;--awb-spacing-right-medium:40px;--awb-spacing-left-medium:40px;--awb-width-small:100%;--awb-order-small:0;--awb-spacing-right-small:40px;--awb-spacing-left-small:40px;\"><div class=\"fusion-column-wrapper fusion-column-has-shadow fusion-flex-justify-content-flex-start fusion-content-layout-column\"><div ><a class=\"fusion-button button-flat fusion-button-default-size button-default fusion-button-default button-1 fusion-button-default-span fusion-button-default-type\" target=\"_self\" href=\"https:\/\/wp.axel-schulz.com\/?page_id=1907\"><span class=\"fusion-button-text\">Meine Geschichte<\/span><\/a><\/div><\/div><\/div><\/div><\/div><!-- \/wp:post-content -->","protected":false},"excerpt":{"rendered":"","protected":false},"author":1,"featured_media":0,"parent":0,"menu_order":0,"comment_status":"closed","ping_status":"open","template":"","meta":{"footnotes":""},"class_list":["post-2","page","type-page","status-publish","hentry"],"_links":{"self":[{"href":"https:\/\/axel-schulz.com\/index.php?rest_route=\/wp\/v2\/pages\/2","targetHints":{"allow":["GET"]}}],"collection":[{"href":"https:\/\/axel-schulz.com\/index.php?rest_route=\/wp\/v2\/pages"}],"about":[{"href":"https:\/\/axel-schulz.com\/index.php?rest_route=\/wp\/v2\/types\/page"}],"author":[{"embeddable":true,"href":"https:\/\/axel-schulz.com\/index.php?rest_route=\/wp\/v2\/users\/1"}],"replies":[{"embeddable":true,"href":"https:\/\/axel-schulz.com\/index.php?rest_route=%2Fwp%2Fv2%2Fcomments&post=2"}],"version-history":[{"count":14,"href":"https:\/\/axel-schulz.com\/index.php?rest_route=\/wp\/v2\/pages\/2\/revisions"}],"predecessor-version":[{"id":1978,"href":"https:\/\/axel-schulz.com\/index.php?rest_route=\/wp\/v2\/pages\/2\/revisions\/1978"}],"wp:attachment":[{"href":"https:\/\/axel-schulz.com\/index.php?rest_route=%2Fwp%2Fv2%2Fmedia&parent=2"}],"curies":[{"name":"wp","href":"https:\/\/api.w.org\/{rel}","templated":true}]}}